{"id":6330,"date":"2025-11-07T12:00:34","date_gmt":"2025-11-07T10:00:34","guid":{"rendered":"https:\/\/marta-aymerich.com\/?page_id=6330"},"modified":"2026-04-08T10:52:28","modified_gmt":"2026-04-08T08:52:28","slug":"politica-de-privacitat","status":"publish","type":"page","link":"https:\/\/marta-aymerich.com\/ca\/politica-de-privacitat\/","title":{"rendered":"Pol\u00edtica de Privacitat"},"content":{"rendered":"\t\t<div data-elementor-type=\"wp-page\" data-elementor-id=\"6330\" class=\"elementor elementor-6330\" data-elementor-post-type=\"page\">\n\t\t\t\t<div class=\"elementor-element elementor-element-1ff20ebc e-con-full e-flex tcg-animation-none e-con e-parent\" data-id=\"1ff20ebc\" data-element_type=\"container\" data-e-type=\"container\" data-settings=\"{&quot;background_background&quot;:&quot;classic&quot;,&quot;tc_container_hover_selector&quot;:&quot;container&quot;,&quot;tc_container_background_parallax&quot;:&quot;no&quot;,&quot;tc_smooth_scroll_effects&quot;:&quot;none&quot;,&quot;tc_css_effects&quot;:&quot;none&quot;,&quot;tc_container_clip_path&quot;:&quot;none&quot;,&quot;tcg_advanced_hover&quot;:&quot;no&quot;,&quot;float_cursor&quot;:&quot;no&quot;,&quot;tc_dark_mode_responsive_hide_in_dark&quot;:&quot;no&quot;,&quot;tc_dark_mode_responsive_hide_in_light&quot;:&quot;no&quot;}\">\n\t\t<div class=\"elementor-element elementor-element-5f0d677 e-flex e-con-boxed tcg-animation-none e-con e-child\" data-id=\"5f0d677\" data-element_type=\"container\" data-e-type=\"container\" data-settings=\"{&quot;tc_container_hover_selector&quot;:&quot;container&quot;,&quot;tc_container_background_parallax&quot;:&quot;no&quot;,&quot;tc_smooth_scroll_effects&quot;:&quot;none&quot;,&quot;tc_css_effects&quot;:&quot;none&quot;,&quot;tc_container_clip_path&quot;:&quot;none&quot;,&quot;tcg_advanced_hover&quot;:&quot;no&quot;,&quot;float_cursor&quot;:&quot;no&quot;,&quot;tc_dark_mode_responsive_hide_in_dark&quot;:&quot;no&quot;,&quot;tc_dark_mode_responsive_hide_in_light&quot;:&quot;no&quot;}\">\n\t\t\t\t\t<div class=\"e-con-inner\">\n\t\t\t\t<div class=\"elementor-element elementor-element-080598e tcg-animation-none elementor-widget elementor-widget-heading\" data-id=\"080598e\" data-element_type=\"widget\" data-e-type=\"widget\" data-settings=\"{&quot;tc_smooth_scroll_effects&quot;:&quot;none&quot;,&quot;tc_css_effects&quot;:&quot;none&quot;,&quot;tc_dark_mode_responsive_hide_in_dark&quot;:&quot;no&quot;,&quot;tc_dark_mode_responsive_hide_in_light&quot;:&quot;no&quot;}\" data-widget_type=\"heading.default\">\n\t\t\t\t<div class=\"elementor-widget-container\">\n\t\t\t\t\t<h1 class=\"elementor-heading-title elementor-size-default\">Pol\u00edtica de Privacitat<\/h1>\t\t\t\t<\/div>\n\t\t\t\t<\/div>\n\t\t\t\t\t<\/div>\n\t\t\t\t<\/div>\n\t\t\t\t<\/div>\n\t\t<div class=\"elementor-element elementor-element-3faec04b e-flex e-con-boxed tcg-animation-none e-con e-parent\" data-id=\"3faec04b\" data-element_type=\"container\" data-e-type=\"container\" data-settings=\"{&quot;background_background&quot;:&quot;classic&quot;,&quot;tc_container_hover_selector&quot;:&quot;container&quot;,&quot;tc_container_background_parallax&quot;:&quot;no&quot;,&quot;tc_smooth_scroll_effects&quot;:&quot;none&quot;,&quot;tc_css_effects&quot;:&quot;none&quot;,&quot;tc_container_clip_path&quot;:&quot;none&quot;,&quot;tcg_advanced_hover&quot;:&quot;no&quot;,&quot;float_cursor&quot;:&quot;no&quot;,&quot;tc_dark_mode_responsive_hide_in_dark&quot;:&quot;no&quot;,&quot;tc_dark_mode_responsive_hide_in_light&quot;:&quot;no&quot;}\">\n\t\t\t\t\t<div class=\"e-con-inner\">\n\t\t<div class=\"elementor-element elementor-element-5027df23 e-con-full e-flex tcg-animation-none e-con e-child\" data-id=\"5027df23\" data-element_type=\"container\" data-e-type=\"container\" data-settings=\"{&quot;tc_container_hover_selector&quot;:&quot;container&quot;,&quot;tc_container_background_parallax&quot;:&quot;no&quot;,&quot;tc_smooth_scroll_effects&quot;:&quot;none&quot;,&quot;tc_css_effects&quot;:&quot;none&quot;,&quot;tc_container_clip_path&quot;:&quot;none&quot;,&quot;tcg_advanced_hover&quot;:&quot;no&quot;,&quot;float_cursor&quot;:&quot;no&quot;,&quot;tc_dark_mode_responsive_hide_in_dark&quot;:&quot;no&quot;,&quot;tc_dark_mode_responsive_hide_in_light&quot;:&quot;no&quot;}\">\n\t\t<div class=\"elementor-element elementor-element-1e7f684f e-con-full e-flex tcg-animation-none e-con e-child\" data-id=\"1e7f684f\" data-element_type=\"container\" data-e-type=\"container\" data-settings=\"{&quot;tc_container_hover_selector&quot;:&quot;container&quot;,&quot;tc_container_background_parallax&quot;:&quot;no&quot;,&quot;tc_smooth_scroll_effects&quot;:&quot;none&quot;,&quot;tc_css_effects&quot;:&quot;none&quot;,&quot;tc_container_clip_path&quot;:&quot;none&quot;,&quot;tcg_advanced_hover&quot;:&quot;no&quot;,&quot;float_cursor&quot;:&quot;no&quot;,&quot;tc_dark_mode_responsive_hide_in_dark&quot;:&quot;no&quot;,&quot;tc_dark_mode_responsive_hide_in_light&quot;:&quot;no&quot;}\">\n\t\t\t\t<div class=\"elementor-element elementor-element-ae4b9d7 tcg-animation-none elementor-widget elementor-widget-heading\" data-id=\"ae4b9d7\" data-element_type=\"widget\" data-e-type=\"widget\" data-settings=\"{&quot;tc_smooth_scroll_effects&quot;:&quot;none&quot;,&quot;tc_css_effects&quot;:&quot;none&quot;,&quot;tc_dark_mode_responsive_hide_in_dark&quot;:&quot;no&quot;,&quot;tc_dark_mode_responsive_hide_in_light&quot;:&quot;no&quot;}\" data-widget_type=\"heading.default\">\n\t\t\t\t<div class=\"elementor-widget-container\">\n\t\t\t\t\t<p class=\"elementor-heading-title elementor-size-default\">EL TITULAR s\u2019obliga a complir la legislaci\u00f3 vigent en mat\u00e8ria de protecci\u00f3 de dades personals el Reial decret 1720\/2007, de 21 de desembre, i el RGPD 2016\/679 UE.<\/p>\t\t\t\t<\/div>\n\t\t\t\t<\/div>\n\t\t\t\t<div class=\"elementor-element elementor-element-6c496b1d tcg-animation-none elementor-widget elementor-widget-heading\" data-id=\"6c496b1d\" data-element_type=\"widget\" data-e-type=\"widget\" data-settings=\"{&quot;tc_smooth_scroll_effects&quot;:&quot;none&quot;,&quot;tc_css_effects&quot;:&quot;none&quot;,&quot;tc_dark_mode_responsive_hide_in_dark&quot;:&quot;no&quot;,&quot;tc_dark_mode_responsive_hide_in_light&quot;:&quot;no&quot;}\" data-widget_type=\"heading.default\">\n\t\t\t\t<div class=\"elementor-widget-container\">\n\t\t\t\t\t<h3 class=\"elementor-heading-title elementor-size-default\">Responsable del Tractament:<\/h3>\t\t\t\t<\/div>\n\t\t\t\t<\/div>\n\t\t\t\t<div class=\"elementor-element elementor-element-bc362d9 tcg-animation-none elementor-widget elementor-widget-heading\" data-id=\"bc362d9\" data-element_type=\"widget\" data-e-type=\"widget\" data-settings=\"{&quot;tc_smooth_scroll_effects&quot;:&quot;none&quot;,&quot;tc_css_effects&quot;:&quot;none&quot;,&quot;tc_dark_mode_responsive_hide_in_dark&quot;:&quot;no&quot;,&quot;tc_dark_mode_responsive_hide_in_light&quot;:&quot;no&quot;}\" data-widget_type=\"heading.default\">\n\t\t\t\t<div class=\"elementor-widget-container\">\n\t\t\t\t\t<p class=\"elementor-heading-title elementor-size-default\">Marta Aymerich<br>\nC. Josep Pla, 1, 1r 2a\n17246 Santa Cristina d\u2019Aro (Girona)<br>\nTelf 7 Fax: (+34) 972 837 519<br>\nhola@marta-aymerich.com<\/p>\t\t\t\t<\/div>\n\t\t\t\t<\/div>\n\t\t\t\t<div class=\"elementor-element elementor-element-15ef2b3 tcg-animation-none elementor-widget elementor-widget-heading\" data-id=\"15ef2b3\" data-element_type=\"widget\" data-e-type=\"widget\" data-settings=\"{&quot;tc_smooth_scroll_effects&quot;:&quot;none&quot;,&quot;tc_css_effects&quot;:&quot;none&quot;,&quot;tc_dark_mode_responsive_hide_in_dark&quot;:&quot;no&quot;,&quot;tc_dark_mode_responsive_hide_in_light&quot;:&quot;no&quot;}\" data-widget_type=\"heading.default\">\n\t\t\t\t<div class=\"elementor-widget-container\">\n\t\t\t\t\t<h3 class=\"elementor-heading-title elementor-size-default\">Legitimaci\u00f3 del tractament:<\/h3>\t\t\t\t<\/div>\n\t\t\t\t<\/div>\n\t\t\t\t<div class=\"elementor-element elementor-element-8f6d727 tcg-animation-none elementor-widget elementor-widget-heading\" data-id=\"8f6d727\" data-element_type=\"widget\" data-e-type=\"widget\" data-settings=\"{&quot;tc_smooth_scroll_effects&quot;:&quot;none&quot;,&quot;tc_css_effects&quot;:&quot;none&quot;,&quot;tc_dark_mode_responsive_hide_in_dark&quot;:&quot;no&quot;,&quot;tc_dark_mode_responsive_hide_in_light&quot;:&quot;no&quot;}\" data-widget_type=\"heading.default\">\n\t\t\t\t<div class=\"elementor-widget-container\">\n\t\t\t\t\t<p class=\"elementor-heading-title elementor-size-default\">La base de legitimaci\u00f3 del tractament de les seves dades \u00e9s la seg\u00fcent: Consentiment de l'interessat. Si ens d\u00f3na el seu consentiment, li enviarem comunicacions comercials i portarem a terme els tractaments relacionats amb l'abast del consentiment i amb les finalitats informades.<\/p>\t\t\t\t<\/div>\n\t\t\t\t<\/div>\n\t\t\t\t<div class=\"elementor-element elementor-element-aecff24 tcg-animation-none elementor-widget elementor-widget-heading\" data-id=\"aecff24\" data-element_type=\"widget\" data-e-type=\"widget\" data-settings=\"{&quot;tc_smooth_scroll_effects&quot;:&quot;none&quot;,&quot;tc_css_effects&quot;:&quot;none&quot;,&quot;tc_dark_mode_responsive_hide_in_dark&quot;:&quot;no&quot;,&quot;tc_dark_mode_responsive_hide_in_light&quot;:&quot;no&quot;}\" data-widget_type=\"heading.default\">\n\t\t\t\t<div class=\"elementor-widget-container\">\n\t\t\t\t\t<h3 class=\"elementor-heading-title elementor-size-default\">Finalitat del tractament:<\/h3>\t\t\t\t<\/div>\n\t\t\t\t<\/div>\n\t\t\t\t<div class=\"elementor-element elementor-element-70e2f9e tcg-animation-none elementor-widget elementor-widget-heading\" data-id=\"70e2f9e\" data-element_type=\"widget\" data-e-type=\"widget\" data-settings=\"{&quot;tc_smooth_scroll_effects&quot;:&quot;none&quot;,&quot;tc_css_effects&quot;:&quot;none&quot;,&quot;tc_dark_mode_responsive_hide_in_dark&quot;:&quot;no&quot;,&quot;tc_dark_mode_responsive_hide_in_light&quot;:&quot;no&quot;}\" data-widget_type=\"heading.default\">\n\t\t\t\t<div class=\"elementor-widget-container\">\n\t\t\t\t\t<p class=\"elementor-heading-title elementor-size-default\">Les dades personals seran exclusivament utilitzades per a les finalitats exposades en el formulari de recollida de dades.\n<div style=\"margin-top:13px\"><\/div>\nLes dades de caracter personal que ens proporcioni a trav\u00e9s de l'enviament de correus electronics, aix\u00ed com les dades a les quals EL TITULAR  accedeixi com a conseq\u00fcencia de la seva navegaci\u00f3, consultes o sol.licituds realitzades a trav\u00e9s del Lloc Web, seran recollides en un fitxer responsabilitat del TITULAR, el proposit del qual \u00e9s atendre consultes o sol.licituds d\u2019informaci\u00f3 sobre els nostres serveis i pressupostos, via correu lectr\u00f2nic, aix\u00ed com mantenir-lo informat sobre nous productes i serveis que puguin resultar del seu inter\u00e8s.<\/p>\t\t\t\t<\/div>\n\t\t\t\t<\/div>\n\t\t\t\t<div class=\"elementor-element elementor-element-3371e66 tcg-animation-none elementor-widget elementor-widget-heading\" data-id=\"3371e66\" data-element_type=\"widget\" data-e-type=\"widget\" data-settings=\"{&quot;tc_smooth_scroll_effects&quot;:&quot;none&quot;,&quot;tc_css_effects&quot;:&quot;none&quot;,&quot;tc_dark_mode_responsive_hide_in_dark&quot;:&quot;no&quot;,&quot;tc_dark_mode_responsive_hide_in_light&quot;:&quot;no&quot;}\" data-widget_type=\"heading.default\">\n\t\t\t\t<div class=\"elementor-widget-container\">\n\t\t\t\t\t<h3 class=\"elementor-heading-title elementor-size-default\">Destinataris de les dades:<\/h3>\t\t\t\t<\/div>\n\t\t\t\t<\/div>\n\t\t\t\t<div class=\"elementor-element elementor-element-de7494f tcg-animation-none elementor-widget elementor-widget-heading\" data-id=\"de7494f\" data-element_type=\"widget\" data-e-type=\"widget\" data-settings=\"{&quot;tc_smooth_scroll_effects&quot;:&quot;none&quot;,&quot;tc_css_effects&quot;:&quot;none&quot;,&quot;tc_dark_mode_responsive_hide_in_dark&quot;:&quot;no&quot;,&quot;tc_dark_mode_responsive_hide_in_light&quot;:&quot;no&quot;}\" data-widget_type=\"heading.default\">\n\t\t\t\t<div class=\"elementor-widget-container\">\n\t\t\t\t\t<p class=\"elementor-heading-title elementor-size-default\">Les seves dades no seran comunicades a tercers. En determinats casos es donar\u00e0 acc\u00e9s a les seves dades a determinats prove\u00efdors que presten serveis a la nostra empresa, com l'enviament de les newsletters, l'emmagatzematge de dades o de p\u00e0gines web, amb tots ells es tenen signats els contractes de protecci\u00f3 de dades com Encarregats del Tractament i en cap cas tractaran les dades per a finalitats pr\u00f2pies.<\/p>\t\t\t\t<\/div>\n\t\t\t\t<\/div>\n\t\t\t\t<div class=\"elementor-element elementor-element-6bf8eb4 tcg-animation-none elementor-widget elementor-widget-heading\" data-id=\"6bf8eb4\" data-element_type=\"widget\" data-e-type=\"widget\" data-settings=\"{&quot;tc_smooth_scroll_effects&quot;:&quot;none&quot;,&quot;tc_css_effects&quot;:&quot;none&quot;,&quot;tc_dark_mode_responsive_hide_in_dark&quot;:&quot;no&quot;,&quot;tc_dark_mode_responsive_hide_in_light&quot;:&quot;no&quot;}\" data-widget_type=\"heading.default\">\n\t\t\t\t<div class=\"elementor-widget-container\">\n\t\t\t\t\t<h3 class=\"elementor-heading-title elementor-size-default\">Conservaci\u00f3 de les dades:<\/h3>\t\t\t\t<\/div>\n\t\t\t\t<\/div>\n\t\t\t\t<div class=\"elementor-element elementor-element-f500398 tcg-animation-none elementor-widget elementor-widget-heading\" data-id=\"f500398\" data-element_type=\"widget\" data-e-type=\"widget\" data-settings=\"{&quot;tc_smooth_scroll_effects&quot;:&quot;none&quot;,&quot;tc_css_effects&quot;:&quot;none&quot;,&quot;tc_dark_mode_responsive_hide_in_dark&quot;:&quot;no&quot;,&quot;tc_dark_mode_responsive_hide_in_light&quot;:&quot;no&quot;}\" data-widget_type=\"heading.default\">\n\t\t\t\t<div class=\"elementor-widget-container\">\n\t\t\t\t\t<p class=\"elementor-heading-title elementor-size-default\">Les seves dades es conservaran durant el termini estrictament necessari per aconseguir les finalitats del tractament, sense perjudici de la seva conservaci\u00f3 per a la posada a disposici\u00f3 de les autoritats competents i per fer front a reclamacions. En aquest cas, les dades es conservaran bloquejats fins a la finalitzaci\u00f3 del termini de prescripci\u00f3, en el moment seran eliminats.<\/p>\t\t\t\t<\/div>\n\t\t\t\t<\/div>\n\t\t\t\t<div class=\"elementor-element elementor-element-7842311 tcg-animation-none elementor-widget elementor-widget-heading\" data-id=\"7842311\" data-element_type=\"widget\" data-e-type=\"widget\" data-settings=\"{&quot;tc_smooth_scroll_effects&quot;:&quot;none&quot;,&quot;tc_css_effects&quot;:&quot;none&quot;,&quot;tc_dark_mode_responsive_hide_in_dark&quot;:&quot;no&quot;,&quot;tc_dark_mode_responsive_hide_in_light&quot;:&quot;no&quot;}\" data-widget_type=\"heading.default\">\n\t\t\t\t<div class=\"elementor-widget-container\">\n\t\t\t\t\t<h3 class=\"elementor-heading-title elementor-size-default\">Drets<\/h3>\t\t\t\t<\/div>\n\t\t\t\t<\/div>\n\t\t\t\t<div class=\"elementor-element elementor-element-33290b3 tcg-animation-none elementor-widget elementor-widget-heading\" data-id=\"33290b3\" data-element_type=\"widget\" data-e-type=\"widget\" data-settings=\"{&quot;tc_smooth_scroll_effects&quot;:&quot;none&quot;,&quot;tc_css_effects&quot;:&quot;none&quot;,&quot;tc_dark_mode_responsive_hide_in_dark&quot;:&quot;no&quot;,&quot;tc_dark_mode_responsive_hide_in_light&quot;:&quot;no&quot;}\" data-widget_type=\"heading.default\">\n\t\t\t\t<div class=\"elementor-widget-container\">\n\t\t\t\t\t<p class=\"elementor-heading-title elementor-size-default\">L'usuari podra revocar el consentiment prestat al paragraf anterior i exercir els drets d'acc\u00e9s, rectificaci\u00f3, supressi\u00f3, portabilitat, limitaci\u00f3 i oposici\u00f3n dirigint-se a tal efecte, indicant-nos el seu nom complet i n\u00famero de DNI, a l\u2019adre\u00e7a C. Josep Pla, 1, 1r 2a 17246 Santa Cristina d\u2019Aro (Girona) \u00f3 per correu electr\u00f2nic a hola@marta-aymerich.com\n<div style=\"margin-top:13px\"><\/div>\nAix\u00ed mateix, amb l'acceptaci\u00f3 d'aquest Av\u00eds Legal, reconeix que la informaci\u00f3 i les dades personals recollides s\u00f3n exactes i veraces.<\/p>\t\t\t\t<\/div>\n\t\t\t\t<\/div>\n\t\t\t\t<\/div>\n\t\t\t\t<\/div>\n\t\t\t\t\t<\/div>\n\t\t\t\t<\/div>\n\t\t\t\t<\/div>\n\t\t","protected":false},"excerpt":{"rendered":"<p>Pol\u00edtica de Privacitat EL TITULAR s\u2019obliga a complir la legislaci\u00f3 vigent en mat\u00e8ria de protecci\u00f3 de dades personals el Reial decret 1720\/2007, de 21 de desembre, i el RGPD 2016\/679 UE. Responsable del Tractament: Marta Aymerich C. Josep Pla, 1, 1r 2a 17246 Santa Cristina d\u2019Aro (Girona) Telf 7 Fax: (+34) 972 837 519 hola@marta-aymerich.com Legitimaci\u00f3 del tractament: La base &hellip;<\/p>\n","protected":false},"author":1,"featured_media":0,"parent":0,"menu_order":0,"comment_status":"closed","ping_status":"closed","template":"blank-builder.php","meta":{"footnotes":""},"class_list":["post-6330","page","type-page","status-publish","hentry"],"yoast_head":"<!-- This site is optimized with the Yoast SEO plugin v26.3 - https:\/\/yoast.com\/wordpress\/plugins\/seo\/ -->\n<title>Pol\u00edtica de Privacitat - Marta Aymerich<\/title>\n<meta name=\"robots\" content=\"index, follow, max-snippet:-1, max-image-preview:large, max-video-preview:-1\" \/>\n<link rel=\"canonical\" href=\"https:\/\/marta-aymerich.com\/ca\/politica-de-privacitat\/\" \/>\n<meta property=\"og:locale\" content=\"ca_ES\" \/>\n<meta property=\"og:type\" content=\"article\" \/>\n<meta property=\"og:title\" content=\"Pol\u00edtica de Privacitat - Marta Aymerich\" \/>\n<meta property=\"og:description\" content=\"Pol\u00edtica de Privacitat EL TITULAR s\u2019obliga a complir la legislaci\u00f3 vigent en mat\u00e8ria de protecci\u00f3 de dades personals el Reial decret 1720\/2007, de 21 de desembre, i el RGPD 2016\/679 UE. Responsable del Tractament: Marta Aymerich C. Josep Pla, 1, 1r 2a 17246 Santa Cristina d\u2019Aro (Girona) Telf 7 Fax: (+34) 972 837 519 hola@marta-aymerich.com Legitimaci\u00f3 del tractament: La base &hellip;\" \/>\n<meta property=\"og:url\" content=\"https:\/\/marta-aymerich.com\/ca\/politica-de-privacitat\/\" \/>\n<meta property=\"og:site_name\" content=\"Marta Aymerich\" \/>\n<meta property=\"article:modified_time\" content=\"2026-04-08T08:52:28+00:00\" \/>\n<meta name=\"twitter:card\" content=\"summary_large_image\" \/>\n<script type=\"application\/ld+json\" class=\"yoast-schema-graph\">{\"@context\":\"https:\/\/schema.org\",\"@graph\":[{\"@type\":\"WebPage\",\"@id\":\"https:\/\/marta-aymerich.com\/ca\/politica-de-privacitat\/\",\"url\":\"https:\/\/marta-aymerich.com\/ca\/politica-de-privacitat\/\",\"name\":\"Pol\u00edtica de Privacitat - Marta Aymerich\",\"isPartOf\":{\"@id\":\"https:\/\/marta-aymerich.com\/#website\"},\"datePublished\":\"2025-11-07T10:00:34+00:00\",\"dateModified\":\"2026-04-08T08:52:28+00:00\",\"breadcrumb\":{\"@id\":\"https:\/\/marta-aymerich.com\/ca\/politica-de-privacitat\/#breadcrumb\"},\"inLanguage\":\"ca\",\"potentialAction\":[{\"@type\":\"ReadAction\",\"target\":[\"https:\/\/marta-aymerich.com\/ca\/politica-de-privacitat\/\"]}]},{\"@type\":\"BreadcrumbList\",\"@id\":\"https:\/\/marta-aymerich.com\/ca\/politica-de-privacitat\/#breadcrumb\",\"itemListElement\":[{\"@type\":\"ListItem\",\"position\":1,\"name\":\"Inici\",\"item\":\"https:\/\/marta-aymerich.com\/\"},{\"@type\":\"ListItem\",\"position\":2,\"name\":\"Pol\u00edtica de Privacitat\"}]},{\"@type\":\"WebSite\",\"@id\":\"https:\/\/marta-aymerich.com\/#website\",\"url\":\"https:\/\/marta-aymerich.com\/\",\"name\":\"Marta Aymerich\",\"description\":\"YOU ARE +\",\"potentialAction\":[{\"@type\":\"SearchAction\",\"target\":{\"@type\":\"EntryPoint\",\"urlTemplate\":\"https:\/\/marta-aymerich.com\/?s={search_term_string}\"},\"query-input\":{\"@type\":\"PropertyValueSpecification\",\"valueRequired\":true,\"valueName\":\"search_term_string\"}}],\"inLanguage\":\"ca\"}]}<\/script>\n<!-- \/ Yoast SEO plugin. -->","yoast_head_json":{"title":"Pol\u00edtica de Privacitat - Marta Aymerich","robots":{"index":"index","follow":"follow","max-snippet":"max-snippet:-1","max-image-preview":"max-image-preview:large","max-video-preview":"max-video-preview:-1"},"canonical":"https:\/\/marta-aymerich.com\/ca\/politica-de-privacitat\/","og_locale":"ca_ES","og_type":"article","og_title":"Pol\u00edtica de Privacitat - Marta Aymerich","og_description":"Pol\u00edtica de Privacitat EL TITULAR s\u2019obliga a complir la legislaci\u00f3 vigent en mat\u00e8ria de protecci\u00f3 de dades personals el Reial decret 1720\/2007, de 21 de desembre, i el RGPD 2016\/679 UE. Responsable del Tractament: Marta Aymerich C. Josep Pla, 1, 1r 2a 17246 Santa Cristina d\u2019Aro (Girona) Telf 7 Fax: (+34) 972 837 519 hola@marta-aymerich.com Legitimaci\u00f3 del tractament: La base &hellip;","og_url":"https:\/\/marta-aymerich.com\/ca\/politica-de-privacitat\/","og_site_name":"Marta Aymerich","article_modified_time":"2026-04-08T08:52:28+00:00","twitter_card":"summary_large_image","schema":{"@context":"https:\/\/schema.org","@graph":[{"@type":"WebPage","@id":"https:\/\/marta-aymerich.com\/ca\/politica-de-privacitat\/","url":"https:\/\/marta-aymerich.com\/ca\/politica-de-privacitat\/","name":"Pol\u00edtica de Privacitat - Marta Aymerich","isPartOf":{"@id":"https:\/\/marta-aymerich.com\/#website"},"datePublished":"2025-11-07T10:00:34+00:00","dateModified":"2026-04-08T08:52:28+00:00","breadcrumb":{"@id":"https:\/\/marta-aymerich.com\/ca\/politica-de-privacitat\/#breadcrumb"},"inLanguage":"ca","potentialAction":[{"@type":"ReadAction","target":["https:\/\/marta-aymerich.com\/ca\/politica-de-privacitat\/"]}]},{"@type":"BreadcrumbList","@id":"https:\/\/marta-aymerich.com\/ca\/politica-de-privacitat\/#breadcrumb","itemListElement":[{"@type":"ListItem","position":1,"name":"Inici","item":"https:\/\/marta-aymerich.com\/"},{"@type":"ListItem","position":2,"name":"Pol\u00edtica de Privacitat"}]},{"@type":"WebSite","@id":"https:\/\/marta-aymerich.com\/#website","url":"https:\/\/marta-aymerich.com\/","name":"Marta Aymerich","description":"YOU ARE +","potentialAction":[{"@type":"SearchAction","target":{"@type":"EntryPoint","urlTemplate":"https:\/\/marta-aymerich.com\/?s={search_term_string}"},"query-input":{"@type":"PropertyValueSpecification","valueRequired":true,"valueName":"search_term_string"}}],"inLanguage":"ca"}]}},"_links":{"self":[{"href":"https:\/\/marta-aymerich.com\/ca\/wp-json\/wp\/v2\/pages\/6330","targetHints":{"allow":["GET"]}}],"collection":[{"href":"https:\/\/marta-aymerich.com\/ca\/wp-json\/wp\/v2\/pages"}],"about":[{"href":"https:\/\/marta-aymerich.com\/ca\/wp-json\/wp\/v2\/types\/page"}],"author":[{"embeddable":true,"href":"https:\/\/marta-aymerich.com\/ca\/wp-json\/wp\/v2\/users\/1"}],"replies":[{"embeddable":true,"href":"https:\/\/marta-aymerich.com\/ca\/wp-json\/wp\/v2\/comments?post=6330"}],"version-history":[{"count":3,"href":"https:\/\/marta-aymerich.com\/ca\/wp-json\/wp\/v2\/pages\/6330\/revisions"}],"predecessor-version":[{"id":8981,"href":"https:\/\/marta-aymerich.com\/ca\/wp-json\/wp\/v2\/pages\/6330\/revisions\/8981"}],"wp:attachment":[{"href":"https:\/\/marta-aymerich.com\/ca\/wp-json\/wp\/v2\/media?parent=6330"}],"curies":[{"name":"wp","href":"https:\/\/api.w.org\/{rel}","templated":true}]}}